{"id":103,"date":"2021-11-30T15:47:03","date_gmt":"2021-11-30T15:47:03","guid":{"rendered":"https:\/\/startersites.io\/blocksy\/petsy\/?post_type=product&#038;p=103"},"modified":"2025-05-31T20:00:58","modified_gmt":"2025-05-31T20:00:58","slug":"raton-leopardo-dinamico","status":"publish","type":"product","link":"https:\/\/maria.masterendaw.es\/?product=raton-leopardo-dinamico","title":{"rendered":"Rat\u00f3n Leopardo Din\u00e1mico"},"content":{"rendered":"<article class=\"text-token-text-primary w-full\" dir=\"auto\" data-testid=\"conversation-turn-52\" data-scroll-anchor=\"true\">\n<div class=\"text-base my-auto mx-auto py-5 [--thread-content-margin:--spacing(4)] @[37rem]:[--thread-content-margin:--spacing(6)] @[72rem]:[--thread-content-margin:--spacing(16)] px-(--thread-content-margin)\">\n<div class=\"[--thread-content-max-width:32rem] @[34rem]:[--thread-content-max-width:40rem] @[64rem]:[--thread-content-max-width:48rem] mx-auto flex max-w-(--thread-content-max-width) flex-1 text-base gap-4 md:gap-5 lg:gap-6 group\/turn-messages focus-visible:outline-hidden\" tabindex=\"-1\">\n<div class=\"group\/conversation-turn relative flex w-full min-w-0 flex-col agent-turn\">\n<div class=\"relative flex-col gap-1 md:gap-3\">\n<div class=\"flex max-w-full flex-col grow\">\n<div class=\"min-h-8 text-message relative flex w-full flex-col items-end gap-2 text-start break-words whitespace-normal [.text-message+&amp;]:mt-5\" dir=\"auto\" data-message-author-role=\"assistant\" data-message-id=\"6f831023-0b0c-4b80-a5ed-59ef6bbc88c6\" data-message-model-slug=\"o4-mini\">\n<div class=\"flex w-full flex-col gap-1 empty:hidden first:pt-[3px]\">\n<div class=\"markdown prose dark:prose-invert w-full break-words dark\">\n<p data-start=\"49\" data-end=\"595\">El Rat\u00f3n Leopardo Din\u00e1mico es un juguete ideal para estimular el instinto de caza y el ejercicio de tu gato. Con un cuerpo de peluche suave estampado en dise\u00f1o leopardo y un interior ligero que emite un discreto sonido al moverse, este rat\u00f3n captura la atenci\u00f3n de tu felino desde el primer momento. Su cola el\u00e1stica resistente, unida a un palo o a un mango ergon\u00f3mico (seg\u00fan la versi\u00f3n), permite que el juguete rebote y se balancee de forma impredecible, incitando al gato a saltar, atrapar y jugar sin aburrirse.<\/p>\n<ul data-start=\"597\" data-end=\"1887\">\n<li data-start=\"597\" data-end=\"797\">\n<p data-start=\"599\" data-end=\"614\"><strong data-start=\"599\" data-end=\"612\">Material:<\/strong><\/p>\n<ul data-start=\"617\" data-end=\"797\">\n<li data-start=\"617\" data-end=\"671\">\n<p data-start=\"619\" data-end=\"671\">Peluche suave de poli\u00e9ster con estampado leopardo.<\/p>\n<\/li>\n<li data-start=\"674\" data-end=\"737\">\n<p data-start=\"676\" data-end=\"737\">Relleno de fibra de poli\u00e9ster ligera que conserva la forma.<\/p>\n<\/li>\n<li data-start=\"740\" data-end=\"797\">\n<p data-start=\"742\" data-end=\"797\">Cola\/el\u00e1stico de goma resistente que amortigua tirones.<\/p>\n<\/li>\n<\/ul>\n<\/li>\n<li data-start=\"799\" data-end=\"1041\">\n<p data-start=\"801\" data-end=\"825\"><strong data-start=\"801\" data-end=\"823\">Tama\u00f1o aproximado:<\/strong><\/p>\n<ul data-start=\"828\" data-end=\"1041\">\n<li data-start=\"828\" data-end=\"879\">\n<p data-start=\"830\" data-end=\"879\">Cuerpo del rat\u00f3n: 7 cm de largo \u00d7 4 cm de alto.<\/p>\n<\/li>\n<li data-start=\"882\" data-end=\"956\">\n<p data-start=\"884\" data-end=\"956\">Cola el\u00e1stica: 20 cm de longitud (suficiente para lanzar y balancear).<\/p>\n<\/li>\n<li data-start=\"959\" data-end=\"1041\">\n<p data-start=\"961\" data-end=\"1041\">Mango (opcional): 25 cm de varilla ligera recubierta de pl\u00e1stico antideslizante.<\/p>\n<\/li>\n<\/ul>\n<\/li>\n<li data-start=\"1043\" data-end=\"1220\">\n<p data-start=\"1045\" data-end=\"1057\"><strong data-start=\"1045\" data-end=\"1055\">Color:<\/strong><\/p>\n<ul data-start=\"1060\" data-end=\"1220\">\n<li data-start=\"1060\" data-end=\"1136\">\n<p data-start=\"1062\" data-end=\"1136\">Estampado leopardo (tonos beige, marr\u00f3n y negro) en el cuerpo del rat\u00f3n.<\/p>\n<\/li>\n<li data-start=\"1139\" data-end=\"1167\">\n<p data-start=\"1141\" data-end=\"1167\">El\u00e1stico de color negro.<\/p>\n<\/li>\n<li data-start=\"1170\" data-end=\"1220\">\n<p data-start=\"1172\" data-end=\"1220\">Mango (si aplica) en tono neutro (gris o negro).<\/p>\n<\/li>\n<\/ul>\n<\/li>\n<li data-start=\"1222\" data-end=\"1887\">\n<p data-start=\"1224\" data-end=\"1241\"><strong data-start=\"1224\" data-end=\"1239\">Beneficios:<\/strong><\/p>\n<ul data-start=\"1244\" data-end=\"1887\">\n<li data-start=\"1244\" data-end=\"1412\">\n<p data-start=\"1246\" data-end=\"1412\"><strong data-start=\"1246\" data-end=\"1275\">Est\u00edmulo mental y f\u00edsico:<\/strong> El balanceo impredecible y el sonido sutil del relleno incitan al gato a concentrarse, saltar y acechar, canalizando energ\u00eda positiva.<\/p>\n<\/li>\n<li data-start=\"1415\" data-end=\"1532\">\n<p data-start=\"1417\" data-end=\"1532\"><strong data-start=\"1417\" data-end=\"1455\">Desarrollo de habilidades motoras:<\/strong> Fomenta el juego interactivo, mejorando reflejos, coordinaci\u00f3n y agilidad.<\/p>\n<\/li>\n<li data-start=\"1535\" data-end=\"1656\">\n<p data-start=\"1537\" data-end=\"1656\"><strong data-start=\"1537\" data-end=\"1563\">V\u00ednculo due\u00f1o-mascota:<\/strong> La interacci\u00f3n con el mango o palo refuerza el lazo afectivo durante el juego supervisado.<\/p>\n<\/li>\n<li data-start=\"1659\" data-end=\"1774\">\n<p data-start=\"1661\" data-end=\"1774\"><strong data-start=\"1661\" data-end=\"1681\">Material seguro:<\/strong> Tela de poli\u00e9ster y relleno hipoalerg\u00e9nico que soporta mordiscos suaves sin desintegrarse.<\/p>\n<\/li>\n<li data-start=\"1777\" data-end=\"1887\">\n<p data-start=\"1779\" data-end=\"1887\"><strong data-start=\"1779\" data-end=\"1800\">F\u00e1cil de guardar:<\/strong> Su tama\u00f1o compacto permite almacenarlo en cualquier caj\u00f3n o perchero cuando no se usa.<\/p>\n<\/li>\n<\/ul>\n<\/li>\n<\/ul>\n<p data-start=\"1889\" data-end=\"1924\"><strong data-start=\"1889\" data-end=\"1922\">Modo de empleo (recomendado):<\/strong><\/p>\n<ol data-start=\"1925\" data-end=\"2406\" data-is-last-node=\"\" data-is-only-node=\"\">\n<li data-start=\"1925\" data-end=\"2034\">\n<p data-start=\"1928\" data-end=\"2034\">Sujeta el mango o extremo del el\u00e1stico y mueve el Rat\u00f3n Leopardo Din\u00e1mico a pocos cent\u00edmetros del suelo.<\/p>\n<\/li>\n<li data-start=\"2035\" data-end=\"2139\">\n<p data-start=\"2038\" data-end=\"2139\">Agita o balancea el juguete en forma de \u201czigzag\u201d o \u201csprint\u201d para imitar el movimiento de una presa.<\/p>\n<\/li>\n<li data-start=\"2140\" data-end=\"2310\">\n<p data-start=\"2143\" data-end=\"2310\">Permite que tu gato salte, persiga y atrape el rat\u00f3n. Retira y revisa el juguete regularmente para asegurarte de que el el\u00e1stico y las costuras est\u00e9n en buen estado.<\/p>\n<\/li>\n<li data-start=\"2311\" data-end=\"2406\" data-is-last-node=\"\">\n<p data-start=\"2314\" data-end=\"2406\" data-is-last-node=\"\">Guarda el Rat\u00f3n Leopardo Din\u00e1mico en un lugar seco y limpio despu\u00e9s de cada sesi\u00f3n de juego.<\/p>\n<\/li>\n<\/ol>\n<\/div>\n<\/div>\n<\/div>\n<\/div>\n<div class=\"flex justify-start\"><\/div>\n<\/div>\n<\/div>\n<\/div>\n<\/div>\n<\/article>\n","protected":false},"excerpt":{"rendered":"<p>El Rat\u00f3n Leopardo Din\u00e1mico es un juguete ideal para estimular el instinto de caza y el ejercicio de tu gato. Con un cuerpo de peluche suave estampado en dise\u00f1o leopardo y un interior ligero que emite un discreto sonido al moverse, este rat\u00f3n captura la atenci\u00f3n de tu felino desde el primer momento. Su cola [&hellip;]<\/p>\n","protected":false},"featured_media":104,"comment_status":"open","ping_status":"closed","template":"","meta":[],"product_brand":[],"product_cat":[22],"product_tag":[],"class_list":{"0":"post-103","1":"product","2":"type-product","3":"status-publish","4":"has-post-thumbnail","6":"product_cat-juguetes","8":"first","9":"instock","10":"shipping-taxable","11":"purchasable","12":"product-type-simple"},"_links":{"self":[{"href":"https:\/\/maria.masterendaw.es\/index.php?rest_route=\/wp\/v2\/product\/103","targetHints":{"allow":["GET"]}}],"collection":[{"href":"https:\/\/maria.masterendaw.es\/index.php?rest_route=\/wp\/v2\/product"}],"about":[{"href":"https:\/\/maria.masterendaw.es\/index.php?rest_route=\/wp\/v2\/types\/product"}],"replies":[{"embeddable":true,"href":"https:\/\/maria.masterendaw.es\/index.php?rest_route=%2Fwp%2Fv2%2Fcomments&post=103"}],"wp:featuredmedia":[{"embeddable":true,"href":"https:\/\/maria.masterendaw.es\/index.php?rest_route=\/wp\/v2\/media\/104"}],"wp:attachment":[{"href":"https:\/\/maria.masterendaw.es\/index.php?rest_route=%2Fwp%2Fv2%2Fmedia&parent=103"}],"wp:term":[{"taxonomy":"product_brand","embeddable":true,"href":"https:\/\/maria.masterendaw.es\/index.php?rest_route=%2Fwp%2Fv2%2Fproduct_brand&post=103"},{"taxonomy":"product_cat","embeddable":true,"href":"https:\/\/maria.masterendaw.es\/index.php?rest_route=%2Fwp%2Fv2%2Fproduct_cat&post=103"},{"taxonomy":"product_tag","embeddable":true,"href":"https:\/\/maria.masterendaw.es\/index.php?rest_route=%2Fwp%2Fv2%2Fproduct_tag&post=103"}],"curies":[{"name":"wp","href":"https:\/\/api.w.org\/{rel}","templated":true}]}}