{"id":105,"date":"2021-11-30T15:48:19","date_gmt":"2021-11-30T15:48:19","guid":{"rendered":"https:\/\/startersites.io\/blocksy\/petsy\/?post_type=product&#038;p=105"},"modified":"2025-05-31T19:58:25","modified_gmt":"2025-05-31T19:58:25","slug":"naranjin-saltarin","status":"publish","type":"product","link":"https:\/\/maria.masterendaw.es\/?product=naranjin-saltarin","title":{"rendered":"Naranj\u00edn Saltar\u00edn"},"content":{"rendered":"<article class=\"text-token-text-primary w-full\" dir=\"auto\" data-testid=\"conversation-turn-50\" data-scroll-anchor=\"true\">\n<div class=\"text-base my-auto mx-auto py-5 [--thread-content-margin:--spacing(4)] @[37rem]:[--thread-content-margin:--spacing(6)] @[72rem]:[--thread-content-margin:--spacing(16)] px-(--thread-content-margin)\">\n<div class=\"[--thread-content-max-width:32rem] @[34rem]:[--thread-content-max-width:40rem] @[64rem]:[--thread-content-max-width:48rem] mx-auto flex max-w-(--thread-content-max-width) flex-1 text-base gap-4 md:gap-5 lg:gap-6 group\/turn-messages focus-visible:outline-hidden\" tabindex=\"-1\">\n<div class=\"group\/conversation-turn relative flex w-full min-w-0 flex-col agent-turn\">\n<div class=\"relative flex-col gap-1 md:gap-3\">\n<div class=\"flex max-w-full flex-col grow\">\n<div class=\"min-h-8 text-message relative flex w-full flex-col items-end gap-2 text-start break-words whitespace-normal [.text-message+&amp;]:mt-5\" dir=\"auto\" data-message-author-role=\"assistant\" data-message-id=\"588cc5df-aa2f-4b75-94cc-f0920229201e\" data-message-model-slug=\"o4-mini\">\n<div class=\"flex w-full flex-col gap-1 empty:hidden first:pt-[3px]\">\n<div class=\"markdown prose dark:prose-invert w-full break-words dark\">\n<p data-start=\"45\" data-end=\"537\">El Naranj\u00edn Saltar\u00edn es un bal\u00f3n peque\u00f1o de color naranja, dise\u00f1ado especialmente para perros de todos los tama\u00f1os. Fabricado en goma resistente y flexible, su superficie ligeramente texturizada permite un buen agarre incluso cuando la boca del perro est\u00e1 h\u00fameda. Su di\u00e1metro de aproximadamente 6 cm lo hace perfecto para que perros peque\u00f1os y medianos lo transporten c\u00f3modamente, mientras que su material duradero soporta mordiscos suaves y brincos continuos.<\/p>\n<ul data-start=\"539\" data-end=\"1262\">\n<li data-start=\"539\" data-end=\"625\">\n<p data-start=\"541\" data-end=\"625\"><strong data-start=\"541\" data-end=\"554\">Material:<\/strong> Goma no t\u00f3xica y libre de ftalatos, resistente a mordidas y tirones.<\/p>\n<\/li>\n<li data-start=\"626\" data-end=\"721\">\n<p data-start=\"628\" data-end=\"721\"><strong data-start=\"628\" data-end=\"639\">Tama\u00f1o:<\/strong> Di\u00e1metro de 6 cm, ideal para ni\u00f1os peludos y razas de tama\u00f1o peque\u00f1o o mediano.<\/p>\n<\/li>\n<li data-start=\"722\" data-end=\"806\">\n<p data-start=\"724\" data-end=\"806\"><strong data-start=\"724\" data-end=\"734\">Color:<\/strong> Naranja vibrante que facilita su localizaci\u00f3n en exteriores o c\u00e9sped.<\/p>\n<\/li>\n<li data-start=\"807\" data-end=\"916\">\n<p data-start=\"809\" data-end=\"916\"><strong data-start=\"809\" data-end=\"821\">Textura:<\/strong> Superficie con relieve suave para mejorar el agarre y estimular las enc\u00edas durante el juego.<\/p>\n<\/li>\n<li data-start=\"917\" data-end=\"1262\">\n<p data-start=\"919\" data-end=\"936\"><strong data-start=\"919\" data-end=\"934\">Beneficios:<\/strong><\/p>\n<ul data-start=\"939\" data-end=\"1262\">\n<li data-start=\"939\" data-end=\"1059\">\n<p data-start=\"941\" data-end=\"1059\">Fomenta la actividad f\u00edsica y el refuerzo del v\u00ednculo entre perro y due\u00f1o mediante el lanzamiento y la recuperaci\u00f3n.<\/p>\n<\/li>\n<li data-start=\"1062\" data-end=\"1172\">\n<p data-start=\"1064\" data-end=\"1172\">Estimula la coordinaci\u00f3n y la estimulaci\u00f3n mental al perseguir un objeto que rebota de forma impredecible.<\/p>\n<\/li>\n<li data-start=\"1175\" data-end=\"1262\">\n<p data-start=\"1177\" data-end=\"1262\">Material duradero que prolonga la vida \u00fatil incluso con sesiones de juego intensas.<\/p>\n<\/li>\n<\/ul>\n<\/li>\n<\/ul>\n<p data-start=\"1264\" data-end=\"1650\" data-is-last-node=\"\" data-is-only-node=\"\">Ideal para jugar en parques, patios o en interiores (siempre supervisando el espacio), el Naranj\u00edn Saltar\u00edn se convierte en el compa\u00f1ero perfecto para sesiones de fetch (traer la pelota) o simplemente para que tu perro muerda y se divierta. Su tama\u00f1o compacto y color llamativo garantizan que el juguete no se pierda f\u00e1cilmente, mientras su resistencia asegura horas de entretenimiento.<\/p>\n<\/div>\n<\/div>\n<\/div>\n<\/div>\n<\/div>\n<\/div>\n<\/div>\n<\/div>\n<\/article>\n","protected":false},"excerpt":{"rendered":"<p>El Naranj\u00edn Saltar\u00edn es un bal\u00f3n peque\u00f1o de color naranja, dise\u00f1ado especialmente para perros de todos los tama\u00f1os. Fabricado en goma resistente y flexible, su superficie ligeramente texturizada permite un buen agarre incluso cuando la boca del perro est\u00e1 h\u00fameda. Su di\u00e1metro de aproximadamente 6 cm lo hace perfecto para que perros peque\u00f1os y medianos [&hellip;]<\/p>\n","protected":false},"featured_media":106,"comment_status":"open","ping_status":"closed","template":"","meta":[],"product_brand":[],"product_cat":[22],"product_tag":[],"class_list":{"0":"post-105","1":"product","2":"type-product","3":"status-publish","4":"has-post-thumbnail","6":"product_cat-juguetes","8":"first","9":"instock","10":"shipping-taxable","11":"purchasable","12":"product-type-simple"},"_links":{"self":[{"href":"https:\/\/maria.masterendaw.es\/index.php?rest_route=\/wp\/v2\/product\/105","targetHints":{"allow":["GET"]}}],"collection":[{"href":"https:\/\/maria.masterendaw.es\/index.php?rest_route=\/wp\/v2\/product"}],"about":[{"href":"https:\/\/maria.masterendaw.es\/index.php?rest_route=\/wp\/v2\/types\/product"}],"replies":[{"embeddable":true,"href":"https:\/\/maria.masterendaw.es\/index.php?rest_route=%2Fwp%2Fv2%2Fcomments&post=105"}],"wp:featuredmedia":[{"embeddable":true,"href":"https:\/\/maria.masterendaw.es\/index.php?rest_route=\/wp\/v2\/media\/106"}],"wp:attachment":[{"href":"https:\/\/maria.masterendaw.es\/index.php?rest_route=%2Fwp%2Fv2%2Fmedia&parent=105"}],"wp:term":[{"taxonomy":"product_brand","embeddable":true,"href":"https:\/\/maria.masterendaw.es\/index.php?rest_route=%2Fwp%2Fv2%2Fproduct_brand&post=105"},{"taxonomy":"product_cat","embeddable":true,"href":"https:\/\/maria.masterendaw.es\/index.php?rest_route=%2Fwp%2Fv2%2Fproduct_cat&post=105"},{"taxonomy":"product_tag","embeddable":true,"href":"https:\/\/maria.masterendaw.es\/index.php?rest_route=%2Fwp%2Fv2%2Fproduct_tag&post=105"}],"curies":[{"name":"wp","href":"https:\/\/api.w.org\/{rel}","templated":true}]}}