{"id":107,"date":"2021-11-30T15:52:16","date_gmt":"2021-11-30T15:52:16","guid":{"rendered":"https:\/\/startersites.io\/blocksy\/petsy\/?post_type=product&#038;p=107"},"modified":"2025-06-13T06:46:14","modified_gmt":"2025-06-13T06:46:14","slug":"refugio-felino","status":"publish","type":"product","link":"https:\/\/maria.masterendaw.es\/?product=refugio-felino","title":{"rendered":"Refugio Felino"},"content":{"rendered":"<p data-start=\"2024\" data-end=\"2319\">El Refugio Felino, dise\u00f1ado espec\u00edficamente para gatos, combina un coj\u00edn interior con una cubierta que crea un espacio \u00edntimo y c\u00e1lido. Perfecto para gatos que buscan privacidad, este rinc\u00f3n se convierte en el lugar ideal para descansar, observar o acurrucarse.<\/p>\n<p data-start=\"2321\" data-end=\"2355\"><strong data-start=\"2321\" data-end=\"2353\">Caracter\u00edsticas principales:<\/strong><\/p>\n<ul data-start=\"2356\" data-end=\"2563\">\n<li data-start=\"2356\" data-end=\"2404\">\n<p data-start=\"2358\" data-end=\"2404\">Estructura semirr\u00edgida de fibra de poli\u00e9ster<\/p>\n<\/li>\n<li data-start=\"2405\" data-end=\"2469\">\n<p data-start=\"2407\" data-end=\"2469\">Coj\u00edn interior de espuma con relleno de fibra hipoalerg\u00e9nica<\/p>\n<\/li>\n<li data-start=\"2470\" data-end=\"2514\">\n<p data-start=\"2472\" data-end=\"2514\">Tejido exterior de terciopelo resistente<\/p>\n<\/li>\n<li data-start=\"2515\" data-end=\"2563\">\n<p data-start=\"2517\" data-end=\"2563\">Dimensiones: 50 \u00d7 50 \u00d7 45 cm (base \u00d7 altura)<\/p>\n<\/li>\n<\/ul>\n<p data-start=\"2565\" data-end=\"2580\"><strong data-start=\"2565\" data-end=\"2578\">Ventajas:<\/strong><\/p>\n<ul data-start=\"2581\" data-end=\"2801\">\n<li data-start=\"2581\" data-end=\"2644\">\n<p data-start=\"2583\" data-end=\"2644\">Dise\u00f1o semic\u00edrculo que brinda sensaci\u00f3n de cueva protectora<\/p>\n<\/li>\n<li data-start=\"2645\" data-end=\"2703\">\n<p data-start=\"2647\" data-end=\"2703\">Acolchado que amortigua y sujeta al gato sin presionar<\/p>\n<\/li>\n<li data-start=\"2704\" data-end=\"2743\">\n<p data-start=\"2706\" data-end=\"2743\">Funda desmontable para f\u00e1cil lavado<\/p>\n<\/li>\n<li data-start=\"2744\" data-end=\"2801\">\n<p data-start=\"2746\" data-end=\"2801\">Material c\u00e1lido y transpirable, apto para todo el a\u00f1o<\/p>\n<\/li>\n<\/ul>\n<p data-start=\"2803\" data-end=\"2824\"><strong data-start=\"2803\" data-end=\"2822\">Modo de empleo:<\/strong><\/p>\n<ol data-start=\"2825\" data-end=\"3068\">\n<li data-start=\"2825\" data-end=\"2895\">\n<p data-start=\"2828\" data-end=\"2895\">Abre el Refugio y aseg\u00farate de que est\u00e9 completamente desplegado.<\/p>\n<\/li>\n<li data-start=\"2896\" data-end=\"2968\">\n<p data-start=\"2899\" data-end=\"2968\">Ub\u00edcalo en un \u00e1rea tranquila, lejos del paso constante de personas.<\/p>\n<\/li>\n<li data-start=\"2969\" data-end=\"3068\">\n<p data-start=\"2972\" data-end=\"3068\">Extrae el coj\u00edn y lava la funda con detergente suave; seca al aire sin exponerlo al sol directo.<\/p>\n<\/li>\n<\/ol>\n","protected":false},"excerpt":{"rendered":"<p>El Refugio Felino, dise\u00f1ado espec\u00edficamente para gatos, combina un coj\u00edn interior con una cubierta que crea un espacio \u00edntimo y c\u00e1lido. Perfecto para gatos que buscan privacidad, este rinc\u00f3n se convierte en el lugar ideal para descansar, observar o acurrucarse. Caracter\u00edsticas principales: Estructura semirr\u00edgida de fibra de poli\u00e9ster Coj\u00edn interior de espuma con relleno de [&hellip;]<\/p>\n","protected":false},"featured_media":108,"comment_status":"open","ping_status":"closed","template":"","meta":[],"product_brand":[],"product_cat":[18],"product_tag":[],"class_list":{"0":"post-107","1":"product","2":"type-product","3":"status-publish","4":"has-post-thumbnail","6":"product_cat-camas","8":"first","9":"instock","10":"shipping-taxable","11":"purchasable","12":"product-type-simple"},"_links":{"self":[{"href":"https:\/\/maria.masterendaw.es\/index.php?rest_route=\/wp\/v2\/product\/107","targetHints":{"allow":["GET"]}}],"collection":[{"href":"https:\/\/maria.masterendaw.es\/index.php?rest_route=\/wp\/v2\/product"}],"about":[{"href":"https:\/\/maria.masterendaw.es\/index.php?rest_route=\/wp\/v2\/types\/product"}],"replies":[{"embeddable":true,"href":"https:\/\/maria.masterendaw.es\/index.php?rest_route=%2Fwp%2Fv2%2Fcomments&post=107"}],"wp:featuredmedia":[{"embeddable":true,"href":"https:\/\/maria.masterendaw.es\/index.php?rest_route=\/wp\/v2\/media\/108"}],"wp:attachment":[{"href":"https:\/\/maria.masterendaw.es\/index.php?rest_route=%2Fwp%2Fv2%2Fmedia&parent=107"}],"wp:term":[{"taxonomy":"product_brand","embeddable":true,"href":"https:\/\/maria.masterendaw.es\/index.php?rest_route=%2Fwp%2Fv2%2Fproduct_brand&post=107"},{"taxonomy":"product_cat","embeddable":true,"href":"https:\/\/maria.masterendaw.es\/index.php?rest_route=%2Fwp%2Fv2%2Fproduct_cat&post=107"},{"taxonomy":"product_tag","embeddable":true,"href":"https:\/\/maria.masterendaw.es\/index.php?rest_route=%2Fwp%2Fv2%2Fproduct_tag&post=107"}],"curies":[{"name":"wp","href":"https:\/\/api.w.org\/{rel}","templated":true}]}}