{"id":593,"date":"2025-05-31T17:38:12","date_gmt":"2025-05-31T17:38:12","guid":{"rendered":"https:\/\/maria.masterendaw.es\/?post_type=product&#038;p=593"},"modified":"2025-05-31T17:39:02","modified_gmt":"2025-05-31T17:39:02","slug":"toallitas-humedas","status":"publish","type":"product","link":"https:\/\/maria.masterendaw.es\/?product=toallitas-humedas","title":{"rendered":"Toallitas h\u00famedas"},"content":{"rendered":"<p>Las toallitas h\u00famedas con clorhexidina de SUMSU, de tama\u00f1o compacto, caben en el bolsillo o se enganchan a la correa, ideales para llevar durante el paseo. Limpian y desinfectan eficazmente la piel, pliegues, orejas, ojos y zonas sensibles de perros y gatos. La clorhexidina, un antis\u00e9ptico potente, ayuda a prevenir y tratar infecciones o peque\u00f1as heridas.<\/p>\n<div class=\"flex max-w-full flex-col grow\">\n<div class=\"min-h-8 text-message relative flex w-full flex-col items-end gap-2 text-start break-words whitespace-normal [.text-message+&amp;]:mt-5\" dir=\"auto\" data-message-author-role=\"assistant\" data-message-id=\"4b03c729-a239-4769-916a-f4a7dda0425c\" data-message-model-slug=\"o4-mini\">\n<div class=\"flex w-full flex-col gap-1 empty:hidden first:pt-[3px]\">\n<div class=\"markdown prose dark:prose-invert w-full break-words dark\">\n<p data-start=\"0\" data-end=\"142\">Caracter\u00edsticas principales: toallitas resistentes de celulosa (35 g) de 20 \u00d7 18 cm, dise\u00f1adas para perros y gatos y pensadas para uso diario.<\/p>\n<p data-start=\"144\" data-end=\"271\">Ventajas: hipoalerg\u00e9nicas, pH neutro, enriquecidas con Aloe Vera, libres de parabenos y alcohol, en un envase 100 % reciclable.<\/p>\n<p data-start=\"273\" data-end=\"460\" data-is-last-node=\"\" data-is-only-node=\"\">Modo de empleo: abre la tapa superior, extrae una toallita y limpia al animal acariciando en sentido contrario al pelo. Cierra el paquete tras cada uso para mantenerlas h\u00famedas y frescas.<\/p>\n<\/div>\n<\/div>\n<\/div>\n<\/div>\n","protected":false},"excerpt":{"rendered":"<p>Las toallitas h\u00famedas con clorhexidina de SUMSU, de tama\u00f1o compacto, caben en el bolsillo o se enganchan a la correa, ideales para llevar durante el paseo. Limpian y desinfectan eficazmente la piel, pliegues, orejas, ojos y zonas sensibles de perros y gatos. La clorhexidina, un antis\u00e9ptico potente, ayuda a prevenir y tratar infecciones o peque\u00f1as [&hellip;]<\/p>\n","protected":false},"featured_media":594,"comment_status":"open","ping_status":"closed","template":"","meta":[],"product_brand":[],"product_cat":[25],"product_tag":[],"class_list":{"0":"post-593","1":"product","2":"type-product","3":"status-publish","4":"has-post-thumbnail","6":"product_cat-higiene","8":"first","9":"instock","10":"shipping-taxable","11":"purchasable","12":"product-type-simple"},"_links":{"self":[{"href":"https:\/\/maria.masterendaw.es\/index.php?rest_route=\/wp\/v2\/product\/593","targetHints":{"allow":["GET"]}}],"collection":[{"href":"https:\/\/maria.masterendaw.es\/index.php?rest_route=\/wp\/v2\/product"}],"about":[{"href":"https:\/\/maria.masterendaw.es\/index.php?rest_route=\/wp\/v2\/types\/product"}],"replies":[{"embeddable":true,"href":"https:\/\/maria.masterendaw.es\/index.php?rest_route=%2Fwp%2Fv2%2Fcomments&post=593"}],"wp:featuredmedia":[{"embeddable":true,"href":"https:\/\/maria.masterendaw.es\/index.php?rest_route=\/wp\/v2\/media\/594"}],"wp:attachment":[{"href":"https:\/\/maria.masterendaw.es\/index.php?rest_route=%2Fwp%2Fv2%2Fmedia&parent=593"}],"wp:term":[{"taxonomy":"product_brand","embeddable":true,"href":"https:\/\/maria.masterendaw.es\/index.php?rest_route=%2Fwp%2Fv2%2Fproduct_brand&post=593"},{"taxonomy":"product_cat","embeddable":true,"href":"https:\/\/maria.masterendaw.es\/index.php?rest_route=%2Fwp%2Fv2%2Fproduct_cat&post=593"},{"taxonomy":"product_tag","embeddable":true,"href":"https:\/\/maria.masterendaw.es\/index.php?rest_route=%2Fwp%2Fv2%2Fproduct_tag&post=593"}],"curies":[{"name":"wp","href":"https:\/\/api.w.org\/{rel}","templated":true}]}}