{"id":630,"date":"2025-05-31T19:54:03","date_gmt":"2025-05-31T19:54:03","guid":{"rendered":"https:\/\/maria.masterendaw.es\/?post_type=product&#038;p=630"},"modified":"2025-05-31T20:09:30","modified_gmt":"2025-05-31T20:09:30","slug":"nutrigato-sensaciones","status":"publish","type":"product","link":"https:\/\/maria.masterendaw.es\/?product=nutrigato-sensaciones","title":{"rendered":"NutriGato Sensaciones"},"content":{"rendered":"<article class=\"text-token-text-primary w-full\" dir=\"auto\" data-testid=\"conversation-turn-44\" data-scroll-anchor=\"false\">\n<div class=\"text-base my-auto mx-auto py-5 [--thread-content-margin:--spacing(4)] @[37rem]:[--thread-content-margin:--spacing(6)] @[72rem]:[--thread-content-margin:--spacing(16)] px-(--thread-content-margin)\">\n<div class=\"[--thread-content-max-width:32rem] @[34rem]:[--thread-content-max-width:40rem] @[64rem]:[--thread-content-max-width:48rem] mx-auto flex max-w-(--thread-content-max-width) flex-1 text-base gap-4 md:gap-5 lg:gap-6 group\/turn-messages focus-visible:outline-hidden\" tabindex=\"-1\">\n<div class=\"group\/conversation-turn relative flex w-full min-w-0 flex-col agent-turn\">\n<div class=\"relative flex-col gap-1 md:gap-3\">\n<div class=\"flex max-w-full flex-col grow\">\n<div class=\"min-h-8 text-message relative flex w-full flex-col items-end gap-2 text-start break-words whitespace-normal [.text-message+&amp;]:mt-5\" dir=\"auto\" data-message-author-role=\"assistant\" data-message-id=\"2f7ccc76-7535-41aa-ae97-735e170c88f1\" data-message-model-slug=\"o4-mini\">\n<div class=\"flex w-full flex-col gap-1 empty:hidden first:pt-[3px]\">\n<div class=\"markdown prose dark:prose-invert w-full break-words dark\">\n<p data-start=\"3240\" data-end=\"3615\">NutriGato Sensaciones es un alimento h\u00famedo en forma de peque\u00f1os trozos en salsa, formulado para satisfacer las exigencias de los gatos m\u00e1s exigentes en cuanto a sabor y textura. Est\u00e1 dise\u00f1ado para aportar una fuente equilibrada de prote\u00ednas animales, minerales y \u00e1cidos grasos esenciales que promueven una piel saludable y un pelaje brillante.<\/p>\n<ul data-start=\"3617\" data-end=\"4471\">\n<li data-start=\"3617\" data-end=\"3761\">\n<p data-start=\"3619\" data-end=\"3761\"><strong data-start=\"3619\" data-end=\"3642\">Ingredientes clave:<\/strong> filete de at\u00fan (30 %), pechuga de pollo (20 %), calabac\u00edn, zanahoria, aceite de salm\u00f3n (fuente de omega 3), taurina.<\/p>\n<\/li>\n<li data-start=\"3762\" data-end=\"4163\">\n<p data-start=\"3764\" data-end=\"3795\"><strong data-start=\"3764\" data-end=\"3793\">Beneficios nutricionales:<\/strong><\/p>\n<ul data-start=\"3798\" data-end=\"4163\">\n<li data-start=\"3798\" data-end=\"3899\">\n<p data-start=\"3800\" data-end=\"3899\">Alto contenido de prote\u00ednas de origen animal para satisfacer las necesidades carn\u00edvoras del gato.<\/p>\n<\/li>\n<li data-start=\"3902\" data-end=\"3994\">\n<p data-start=\"3904\" data-end=\"3994\">Taurina a\u00f1adida para mantener la salud ocular y card\u00edaca, esencial en todos los felinos.<\/p>\n<\/li>\n<li data-start=\"3997\" data-end=\"4079\">\n<p data-start=\"3999\" data-end=\"4079\">\u00c1cidos grasos omega 3 y 6 para lucir un pelaje brillante y una piel hidratada.<\/p>\n<\/li>\n<li data-start=\"4082\" data-end=\"4163\">\n<p data-start=\"4084\" data-end=\"4163\">Vitaminas A, D y E para reforzar el sistema inmune y mantener huesos fuertes.<\/p>\n<\/li>\n<\/ul>\n<\/li>\n<li data-start=\"4164\" data-end=\"4471\">\n<p data-start=\"4166\" data-end=\"4199\"><strong data-start=\"4166\" data-end=\"4197\">Caracter\u00edsticas destacadas:<\/strong><\/p>\n<ul data-start=\"4202\" data-end=\"4471\">\n<li data-start=\"4202\" data-end=\"4274\">\n<p data-start=\"4204\" data-end=\"4274\">Sin granos ni cereales, perfecto para gatos con est\u00f3magos sensibles.<\/p>\n<\/li>\n<li data-start=\"4277\" data-end=\"4354\">\n<p data-start=\"4279\" data-end=\"4354\">Textura suave en salsa que facilita la ingesta y favorece la hidrataci\u00f3n.<\/p>\n<\/li>\n<li data-start=\"4357\" data-end=\"4471\">\n<p data-start=\"4359\" data-end=\"4471\">Recipiente f\u00e1cil de abrir y con opci\u00f3n de cierre (tapa reutilizable) para conservar frescura tras su apertura.<\/p>\n<\/li>\n<\/ul>\n<\/li>\n<\/ul>\n<p data-start=\"4473\" data-end=\"4794\" data-is-last-node=\"\" data-is-only-node=\"\"><strong data-start=\"4473\" data-end=\"4507\">Instrucciones de alimentaci\u00f3n:<\/strong><br data-start=\"4507\" data-end=\"4510\" \/>Para un gato adulto de 3\u20134 kg, ofrece aproximadamente 150\u2013200 g diarios, repartidos en dos tomas. Ajusta la cantidad seg\u00fan nivel de actividad y condici\u00f3n corporal. Aseg\u00farate de que el gato tenga siempre acceso a agua fresca para complementar el aporte de l\u00edquidos de la comida h\u00famedo.<\/p>\n<\/div>\n<\/div>\n<\/div>\n<\/div>\n<\/div>\n<\/div>\n<\/div>\n<\/div>\n<\/article>\n","protected":false},"excerpt":{"rendered":"<p>NutriGato Sensaciones es un alimento h\u00famedo en forma de peque\u00f1os trozos en salsa, formulado para satisfacer las exigencias de los gatos m\u00e1s exigentes en cuanto a sabor y textura. Est\u00e1 dise\u00f1ado para aportar una fuente equilibrada de prote\u00ednas animales, minerales y \u00e1cidos grasos esenciales que promueven una piel saludable y un pelaje brillante. Ingredientes clave: [&hellip;]<\/p>\n","protected":false},"featured_media":632,"comment_status":"open","ping_status":"closed","template":"","meta":[],"product_brand":[],"product_cat":[21],"product_tag":[],"class_list":{"0":"post-630","1":"product","2":"type-product","3":"status-publish","4":"has-post-thumbnail","6":"product_cat-comida","8":"first","9":"instock","10":"shipping-taxable","11":"product-type-simple"},"_links":{"self":[{"href":"https:\/\/maria.masterendaw.es\/index.php?rest_route=\/wp\/v2\/product\/630","targetHints":{"allow":["GET"]}}],"collection":[{"href":"https:\/\/maria.masterendaw.es\/index.php?rest_route=\/wp\/v2\/product"}],"about":[{"href":"https:\/\/maria.masterendaw.es\/index.php?rest_route=\/wp\/v2\/types\/product"}],"replies":[{"embeddable":true,"href":"https:\/\/maria.masterendaw.es\/index.php?rest_route=%2Fwp%2Fv2%2Fcomments&post=630"}],"wp:featuredmedia":[{"embeddable":true,"href":"https:\/\/maria.masterendaw.es\/index.php?rest_route=\/wp\/v2\/media\/632"}],"wp:attachment":[{"href":"https:\/\/maria.masterendaw.es\/index.php?rest_route=%2Fwp%2Fv2%2Fmedia&parent=630"}],"wp:term":[{"taxonomy":"product_brand","embeddable":true,"href":"https:\/\/maria.masterendaw.es\/index.php?rest_route=%2Fwp%2Fv2%2Fproduct_brand&post=630"},{"taxonomy":"product_cat","embeddable":true,"href":"https:\/\/maria.masterendaw.es\/index.php?rest_route=%2Fwp%2Fv2%2Fproduct_cat&post=630"},{"taxonomy":"product_tag","embeddable":true,"href":"https:\/\/maria.masterendaw.es\/index.php?rest_route=%2Fwp%2Fv2%2Fproduct_tag&post=630"}],"curies":[{"name":"wp","href":"https:\/\/api.w.org\/{rel}","templated":true}]}}