{"id":71,"date":"2021-11-30T15:15:53","date_gmt":"2021-11-30T15:15:53","guid":{"rendered":"https:\/\/startersites.io\/blocksy\/petsy\/?post_type=product&#038;p=71"},"modified":"2025-05-31T19:46:43","modified_gmt":"2025-05-31T19:46:43","slug":"eiusmod-tempor","status":"publish","type":"product","link":"https:\/\/maria.masterendaw.es\/?product=eiusmod-tempor","title":{"rendered":"Croquetas VitalCan"},"content":{"rendered":"<p data-start=\"0\" data-end=\"425\">Croquetas VitalCan es un alimento seco formulado para perros de todas las edades y razas, dise\u00f1ado para proporcionar un equilibrio \u00f3ptimo entre nutrientes y sabor. Elaboradas con prote\u00edna de vacuno deshidratada como ingrediente principal, estas croquetas cuentan tambi\u00e9n con arroz integral y verduras deshidratadas, aportando energ\u00eda de larga duraci\u00f3n y vitaminas esenciales para el sistema inmune.<\/p>\n<ul data-start=\"427\" data-end=\"1259\">\n<li data-start=\"427\" data-end=\"599\">\n<p data-start=\"429\" data-end=\"599\"><strong data-start=\"429\" data-end=\"452\">Ingredientes clave:<\/strong> prote\u00edna de pollo (25 %), arroz integral, ma\u00edz, guisantes deshidratados, aceite de pescado (fuente de omega 3), caldo de verduras deshidratadas.<\/p>\n<\/li>\n<li data-start=\"600\" data-end=\"1048\">\n<p data-start=\"602\" data-end=\"633\"><strong data-start=\"602\" data-end=\"631\">Beneficios nutricionales:<\/strong><\/p>\n<ul data-start=\"636\" data-end=\"1048\">\n<li data-start=\"636\" data-end=\"708\">\n<p data-start=\"638\" data-end=\"708\">Alto contenido prot\u00e9ico para el desarrollo y mantenimiento muscular.<\/p>\n<\/li>\n<li data-start=\"711\" data-end=\"808\">\n<p data-start=\"713\" data-end=\"808\">Fuentes de carbohidratos de baja carga gluc\u00e9mica (arroz integral) que favorecen la digesti\u00f3n.<\/p>\n<\/li>\n<li data-start=\"811\" data-end=\"914\">\n<p data-start=\"813\" data-end=\"914\">\u00c1cidos grasos omega 3 y 6 (aceite de pescado y semillas de lino) para mantener piel y pelaje sanos.<\/p>\n<\/li>\n<li data-start=\"917\" data-end=\"1048\">\n<p data-start=\"919\" data-end=\"1048\">Vitaminas y minerales (calcio, f\u00f3sforo, zinc, vitaminas A, D y E) para fortificar huesos, articulaciones y sistema inmunitario.<\/p>\n<\/li>\n<\/ul>\n<\/li>\n<li data-start=\"1049\" data-end=\"1259\">\n<p data-start=\"1051\" data-end=\"1084\"><strong data-start=\"1051\" data-end=\"1082\">Caracter\u00edsticas destacadas:<\/strong><\/p>\n<ul data-start=\"1087\" data-end=\"1259\">\n<li data-start=\"1087\" data-end=\"1135\">\n<p data-start=\"1089\" data-end=\"1135\">Sin colorantes ni saborizantes artificiales.<\/p>\n<\/li>\n<li data-start=\"1138\" data-end=\"1181\">\n<p data-start=\"1140\" data-end=\"1181\">Libre de subproductos de origen animal.<\/p>\n<\/li>\n<li data-start=\"1184\" data-end=\"1259\">\n<p data-start=\"1186\" data-end=\"1259\">Croqueta de tama\u00f1o medio, ideal para masticaci\u00f3n y limpieza de dientes.<\/p>\n<\/li>\n<\/ul>\n<\/li>\n<\/ul>\n<p data-start=\"1261\" data-end=\"1385\"><strong data-start=\"1261\" data-end=\"1295\">Instrucciones de alimentaci\u00f3n:<\/strong><br data-start=\"1295\" data-end=\"1298\" \/>Ajusta la raci\u00f3n diaria seg\u00fan peso y nivel de actividad de tu perro. Como referencia:<\/p>\n<ul data-start=\"1386\" data-end=\"1665\">\n<li data-start=\"1386\" data-end=\"1426\">\n<p data-start=\"1389\" data-end=\"1426\">Perros de 5\u201310 kg: 100\u2013180 g al d\u00eda<\/p>\n<\/li>\n<li data-start=\"1427\" data-end=\"1468\">\n<p data-start=\"1430\" data-end=\"1468\">Perros de 10\u201320 kg: 180\u2013300 g al d\u00eda<\/p>\n<\/li>\n<li data-start=\"1469\" data-end=\"1665\">\n<p data-start=\"1472\" data-end=\"1665\">Perros de 20\u201330 kg: 300\u2013420 g al d\u00eda<br data-start=\"1508\" data-end=\"1511\" \/>Proporciona agua fresca y limpia en todo momento. Distribuye la raci\u00f3n en dos tomas diarias para mejorar la digesti\u00f3n y evitar pesadez despu\u00e9s de comer.<\/p>\n<\/li>\n<\/ul>\n","protected":false},"excerpt":{"rendered":"<p>Diam sollicitudin tempor id eu nisl. Duis ultricies lacus sed turpis tincidunt id aliquet risus feugiat. Fermentum odio eu feugiat pretium nibh ipsum. Commodo quis imperdiet massa tincidunt nunc.<\/p>\n<p>Commodo odio aenean sed adipiscing diam donec adipiscing tristique. Elit scelerisque mauris pellentesque pulvinar pellentesque habitant morbi. Semper risus in hendrerit gravida rutrum quisque non.<\/p>\n","protected":false},"featured_media":72,"comment_status":"open","ping_status":"closed","template":"","meta":[],"product_brand":[],"product_cat":[21],"product_tag":[],"class_list":{"0":"post-71","1":"product","2":"type-product","3":"status-publish","4":"has-post-thumbnail","6":"product_cat-comida","8":"first","9":"instock","10":"shipping-taxable","11":"purchasable","12":"product-type-simple"},"_links":{"self":[{"href":"https:\/\/maria.masterendaw.es\/index.php?rest_route=\/wp\/v2\/product\/71","targetHints":{"allow":["GET"]}}],"collection":[{"href":"https:\/\/maria.masterendaw.es\/index.php?rest_route=\/wp\/v2\/product"}],"about":[{"href":"https:\/\/maria.masterendaw.es\/index.php?rest_route=\/wp\/v2\/types\/product"}],"replies":[{"embeddable":true,"href":"https:\/\/maria.masterendaw.es\/index.php?rest_route=%2Fwp%2Fv2%2Fcomments&post=71"}],"wp:featuredmedia":[{"embeddable":true,"href":"https:\/\/maria.masterendaw.es\/index.php?rest_route=\/wp\/v2\/media\/72"}],"wp:attachment":[{"href":"https:\/\/maria.masterendaw.es\/index.php?rest_route=%2Fwp%2Fv2%2Fmedia&parent=71"}],"wp:term":[{"taxonomy":"product_brand","embeddable":true,"href":"https:\/\/maria.masterendaw.es\/index.php?rest_route=%2Fwp%2Fv2%2Fproduct_brand&post=71"},{"taxonomy":"product_cat","embeddable":true,"href":"https:\/\/maria.masterendaw.es\/index.php?rest_route=%2Fwp%2Fv2%2Fproduct_cat&post=71"},{"taxonomy":"product_tag","embeddable":true,"href":"https:\/\/maria.masterendaw.es\/index.php?rest_route=%2Fwp%2Fv2%2Fproduct_tag&post=71"}],"curies":[{"name":"wp","href":"https:\/\/api.w.org\/{rel}","templated":true}]}}